{"id":608,"date":"2022-01-27T05:36:59","date_gmt":"2022-01-27T05:36:59","guid":{"rendered":"http:\/\/medicatequila.com\/?page_id=608"},"modified":"2023-01-01T05:27:47","modified_gmt":"2023-01-01T05:27:47","slug":"608-2","status":"publish","type":"page","link":"https:\/\/medicatequila.com\/?page_id=608","title":{"rendered":"Consulta"},"content":{"rendered":"<div class=\"fl-builder-content fl-builder-content-608\" data-post-id=\"608\"><div class=\"fl-row fl-row-full-width fl-row-bg-photo fl-node-9dxhnjkyi0g3 fl-row-custom-height fl-row-align-center fl-row-bg-overlay\" data-node=\"9dxhnjkyi0g3\">\n\t<div class=\"fl-row-content-wrap\">\n\t\t\t\t\t\t<div class=\"fl-row-content fl-row-full-width fl-node-content\">\n\t\t\n<div class=\"fl-col-group fl-node-5cjq3impes8k fl-col-group-equal-height fl-col-group-align-center fl-col-group-custom-width\" data-node=\"5cjq3impes8k\">\n\t\t\t<div class=\"fl-col fl-node-qjv6bdoim40e fl-col-small\" data-node=\"qjv6bdoim40e\">\n\t<div class=\"fl-col-content fl-node-content\">\n\t<div class=\"fl-module fl-module-heading fl-node-hclj8ynpf4m1\" data-node=\"hclj8ynpf4m1\">\n\t<div class=\"fl-module-content fl-node-content\">\n\t\t<h1 class=\"fl-heading\">\n\t\t<span class=\"fl-heading-text\">Consulta <\/span>\n\t<\/h1>\n\t<\/div>\n<\/div>\n<div class=\"fl-module fl-module-rich-text fl-node-3c4hyqtxspb1\" data-node=\"3c4hyqtxspb1\">\n\t<div class=\"fl-module-content fl-node-content\">\n\t\t<div class=\"fl-rich-text\">\n\t<p><strong><span style=\"font-size: 22px;\">Medicos certificados, atenci\u00f3n c\u00e1lida y gran calidad profesional !<\/span><\/strong><\/p>\n<\/div>\n\t<\/div>\n<\/div>\n\t<\/div>\n<\/div>\n\t\t\t<div class=\"fl-col fl-node-uzvj8yf2isdh fl-col-small fl-visible-desktop\" data-node=\"uzvj8yf2isdh\">\n\t<div class=\"fl-col-content fl-node-content\">\n\t<div class=\"fl-module fl-module-photo fl-node-1knjqv26x0yz\" data-node=\"1knjqv26x0yz\">\n\t<div class=\"fl-module-content fl-node-content\">\n\t\t<div class=\"fl-photo fl-photo-align-center\" itemscope itemtype=\"https:\/\/schema.org\/ImageObject\">\n\t<div class=\"fl-photo-content fl-photo-img-jpg\">\n\t\t\t\t<img loading=\"lazy\" decoding=\"async\" width=\"1360\" height=\"612\" class=\"fl-photo-img wp-image-652\" src=\"http:\/\/medicatequila.com\/wp-content\/uploads\/2023\/01\/20220603_191559.jpg\" alt=\"20220603_191559\" itemprop=\"image\" title=\"20220603_191559\" srcset=\"https:\/\/medicatequila.com\/wp-content\/uploads\/2023\/01\/20220603_191559.jpg 1360w, https:\/\/medicatequila.com\/wp-content\/uploads\/2023\/01\/20220603_191559-300x135.jpg 300w, https:\/\/medicatequila.com\/wp-content\/uploads\/2023\/01\/20220603_191559-1024x461.jpg 1024w, https:\/\/medicatequila.com\/wp-content\/uploads\/2023\/01\/20220603_191559-768x346.jpg 768w\" sizes=\"auto, (max-width: 1360px) 100vw, 1360px\" \/>\n\t\t\t\t\t<\/div>\n\t<\/div>\n\t<\/div>\n<\/div>\n\t<\/div>\n<\/div>\n\t<\/div>\n\t\t<\/div>\n\t<\/div>\n<\/div>\n<div class=\"fl-row fl-row-full-width fl-row-bg-none fl-node-tih2ljk8y1og\" data-node=\"tih2ljk8y1og\">\n\t<div class=\"fl-row-content-wrap\">\n\t\t\t\t\t\t<div class=\"fl-row-content fl-row-fixed-width fl-node-content\">\n\t\t\n<div class=\"fl-col-group fl-node-hnfcqkm3d6bo\" data-node=\"hnfcqkm3d6bo\">\n\t\t\t<div class=\"fl-col fl-node-qpu3i8em1nh6\" data-node=\"qpu3i8em1nh6\">\n\t<div class=\"fl-col-content fl-node-content\">\n\t<div class=\"fl-module fl-module-heading fl-node-vaim9j347f85\" data-node=\"vaim9j347f85\">\n\t<div class=\"fl-module-content fl-node-content\">\n\t\t<h2 class=\"fl-heading\">\n\t\t<span class=\"fl-heading-text\">Especialidades<\/span>\n\t<\/h2>\n\t<\/div>\n<\/div>\n\t<\/div>\n<\/div>\n\t<\/div>\n\n<div class=\"fl-col-group fl-node-3vzekq7im49l fl-col-group-custom-width\" data-node=\"3vzekq7im49l\">\n\t\t\t<div class=\"fl-col fl-node-meh2fr67p4jk fl-col-small\" data-node=\"meh2fr67p4jk\">\n\t<div class=\"fl-col-content fl-node-content\">\n\t<div class=\"fl-module fl-module-icon fl-node-mopy62ke0tzq\" data-node=\"mopy62ke0tzq\">\n\t<div class=\"fl-module-content fl-node-content\">\n\t\t<div class=\"fl-icon-wrap\">\n\t<span class=\"fl-icon\">\n\t\t\t\t<i class=\"fi-check\" aria-hidden=\"true\"><\/i>\n\t\t\t\t\t<\/span>\n\t\t\t<div id=\"fl-icon-text-mopy62ke0tzq\" class=\"fl-icon-text fl-icon-text-wrap\">\n\t\t\t\t\t\t<h4><span style=\"color: #073607;\">Medicina General.\u00a0<\/span><\/h4>\t\t\t\t\t<\/div>\n\t<\/div>\n\t<\/div>\n<\/div>\n<div class=\"fl-module fl-module-icon fl-node-6skj7b3muv4e\" data-node=\"6skj7b3muv4e\">\n\t<div class=\"fl-module-content fl-node-content\">\n\t\t<div class=\"fl-icon-wrap\">\n\t<span class=\"fl-icon\">\n\t\t\t\t<i class=\"fi-check\" aria-hidden=\"true\"><\/i>\n\t\t\t\t\t<\/span>\n\t\t\t<div id=\"fl-icon-text-6skj7b3muv4e\" class=\"fl-icon-text fl-icon-text-wrap\">\n\t\t\t\t\t\t<h4><span style=\"color: #073607;\">Medicina Interna.<\/span><\/h4>\t\t\t\t\t<\/div>\n\t<\/div>\n\t<\/div>\n<\/div>\n<div class=\"fl-module fl-module-icon fl-node-msgxv97qre82\" data-node=\"msgxv97qre82\">\n\t<div class=\"fl-module-content fl-node-content\">\n\t\t<div class=\"fl-icon-wrap\">\n\t<span class=\"fl-icon\">\n\t\t\t\t<i class=\"fi-check\" aria-hidden=\"true\"><\/i>\n\t\t\t\t\t<\/span>\n\t\t\t<div id=\"fl-icon-text-msgxv97qre82\" class=\"fl-icon-text fl-icon-text-wrap\">\n\t\t\t\t\t\t<h4><span style=\"color: #073607;\">Ortopedia\u00a0<\/span><\/h4>\t\t\t\t\t<\/div>\n\t<\/div>\n\t<\/div>\n<\/div>\n<div class=\"fl-module fl-module-icon fl-node-y8bxk10ia65l\" data-node=\"y8bxk10ia65l\">\n\t<div class=\"fl-module-content fl-node-content\">\n\t\t<div class=\"fl-icon-wrap\">\n\t<span class=\"fl-icon\">\n\t\t\t\t<i class=\"fi-check\" aria-hidden=\"true\"><\/i>\n\t\t\t\t\t<\/span>\n\t\t\t<div id=\"fl-icon-text-y8bxk10ia65l\" class=\"fl-icon-text fl-icon-text-wrap\">\n\t\t\t\t\t\t<h4><span style=\"color: #073607;\">Neurolog\u00eda.<\/span><\/h4>\t\t\t\t\t<\/div>\n\t<\/div>\n\t<\/div>\n<\/div>\n<div class=\"fl-module fl-module-icon fl-node-wt5bzks1xv3q\" data-node=\"wt5bzks1xv3q\">\n\t<div class=\"fl-module-content fl-node-content\">\n\t\t<div class=\"fl-icon-wrap\">\n\t<span class=\"fl-icon\">\n\t\t\t\t<i class=\"fi-check\" aria-hidden=\"true\"><\/i>\n\t\t\t\t\t<\/span>\n\t\t\t<div id=\"fl-icon-text-wt5bzks1xv3q\" class=\"fl-icon-text fl-icon-text-wrap\">\n\t\t\t\t\t\t<h4><span style=\"color: #073607;\">Gastroenterolog\u00eda.\u00a0<\/span><\/h4>\t\t\t\t\t<\/div>\n\t<\/div>\n\t<\/div>\n<\/div>\n<div class=\"fl-module fl-module-icon fl-node-iefo2m9jc0qr\" data-node=\"iefo2m9jc0qr\">\n\t<div class=\"fl-module-content fl-node-content\">\n\t\t<div class=\"fl-icon-wrap\">\n\t<span class=\"fl-icon\">\n\t\t\t\t<i class=\"fi-check\" aria-hidden=\"true\"><\/i>\n\t\t\t\t\t<\/span>\n\t\t\t<div id=\"fl-icon-text-iefo2m9jc0qr\" class=\"fl-icon-text fl-icon-text-wrap\">\n\t\t\t\t\t\t<h4><span style=\"color: #073607;\">Nefrolog\u00eda.<\/span><\/h4>\t\t\t\t\t<\/div>\n\t<\/div>\n\t<\/div>\n<\/div>\n<div class=\"fl-module fl-module-icon fl-node-o90k2ivamey1\" data-node=\"o90k2ivamey1\">\n\t<div class=\"fl-module-content fl-node-content\">\n\t\t<div class=\"fl-icon-wrap\">\n\t<span class=\"fl-icon\">\n\t\t\t\t<i class=\"fi-check\" aria-hidden=\"true\"><\/i>\n\t\t\t\t\t<\/span>\n\t\t\t<div id=\"fl-icon-text-o90k2ivamey1\" class=\"fl-icon-text fl-icon-text-wrap\">\n\t\t\t\t\t\t<h4><span style=\"color: #073607;\">Angiolog\u00eda.<\/span><\/h4>\t\t\t\t\t<\/div>\n\t<\/div>\n\t<\/div>\n<\/div>\n<div class=\"fl-module fl-module-icon fl-node-6dxpqnbckgar\" data-node=\"6dxpqnbckgar\">\n\t<div class=\"fl-module-content fl-node-content\">\n\t\t<div class=\"fl-icon-wrap\">\n\t<span class=\"fl-icon\">\n\t\t\t\t<i class=\"fi-check\" aria-hidden=\"true\"><\/i>\n\t\t\t\t\t<\/span>\n\t\t\t<div id=\"fl-icon-text-6dxpqnbckgar\" class=\"fl-icon-text fl-icon-text-wrap\">\n\t\t\t\t\t\t<h4><span style=\"color: #073607;\">Dermatolog\u00eda.\u00a0<\/span><\/h4>\t\t\t\t\t<\/div>\n\t<\/div>\n\t<\/div>\n<\/div>\n\t<\/div>\n<\/div>\n\t\t\t<div class=\"fl-col fl-node-4ymfiq1vetxn fl-col-small\" data-node=\"4ymfiq1vetxn\">\n\t<div class=\"fl-col-content fl-node-content\">\n\t<div class=\"fl-module fl-module-icon fl-node-atsjg9m8p6yk\" data-node=\"atsjg9m8p6yk\">\n\t<div class=\"fl-module-content fl-node-content\">\n\t\t<div class=\"fl-icon-wrap\">\n\t<span class=\"fl-icon\">\n\t\t\t\t<i class=\"fi-check\" aria-hidden=\"true\"><\/i>\n\t\t\t\t\t<\/span>\n\t\t\t<div id=\"fl-icon-text-atsjg9m8p6yk\" class=\"fl-icon-text fl-icon-text-wrap\">\n\t\t\t\t\t\t<h4><span style=\"color: #052e05;\">Pediatr\u00eda<\/span><\/h4>\t\t\t\t\t<\/div>\n\t<\/div>\n\t<\/div>\n<\/div>\n<div class=\"fl-module fl-module-icon fl-node-e3jsthpg5xwl\" data-node=\"e3jsthpg5xwl\">\n\t<div class=\"fl-module-content fl-node-content\">\n\t\t<div class=\"fl-icon-wrap\">\n\t<span class=\"fl-icon\">\n\t\t\t\t<i class=\"fi-check\" aria-hidden=\"true\"><\/i>\n\t\t\t\t\t<\/span>\n\t\t\t<div id=\"fl-icon-text-e3jsthpg5xwl\" class=\"fl-icon-text fl-icon-text-wrap\">\n\t\t\t\t\t\t<h4><span style=\"color: #052e05;\">Ginecolog\u00eda.\u00a0<\/span><\/h4>\t\t\t\t\t<\/div>\n\t<\/div>\n\t<\/div>\n<\/div>\n<div class=\"fl-module fl-module-icon fl-node-w5t8c04pbu9q\" data-node=\"w5t8c04pbu9q\">\n\t<div class=\"fl-module-content fl-node-content\">\n\t\t<div class=\"fl-icon-wrap\">\n\t<span class=\"fl-icon\">\n\t\t\t\t<i class=\"fi-check\" aria-hidden=\"true\"><\/i>\n\t\t\t\t\t<\/span>\n\t\t\t<div id=\"fl-icon-text-w5t8c04pbu9q\" class=\"fl-icon-text fl-icon-text-wrap\">\n\t\t\t\t\t\t<h4><span style=\"color: #052e05;\">Cardiolog\u00eda.\u00a0<\/span><\/h4>\t\t\t\t\t<\/div>\n\t<\/div>\n\t<\/div>\n<\/div>\n<div class=\"fl-module fl-module-icon fl-node-vner0sd8jbiz\" data-node=\"vner0sd8jbiz\">\n\t<div class=\"fl-module-content fl-node-content\">\n\t\t<div class=\"fl-icon-wrap\">\n\t<span class=\"fl-icon\">\n\t\t\t\t<i class=\"fi-check\" aria-hidden=\"true\"><\/i>\n\t\t\t\t\t<\/span>\n\t\t\t<div id=\"fl-icon-text-vner0sd8jbiz\" class=\"fl-icon-text fl-icon-text-wrap\">\n\t\t\t\t\t\t<h4><span style=\"color: #052e05;\">Cirug\u00eda.\u00a0<\/span><\/h4>\t\t\t\t\t<\/div>\n\t<\/div>\n\t<\/div>\n<\/div>\n<div class=\"fl-module fl-module-icon fl-node-6ryvj4tcb21n\" data-node=\"6ryvj4tcb21n\">\n\t<div class=\"fl-module-content fl-node-content\">\n\t\t<div class=\"fl-icon-wrap\">\n\t<span class=\"fl-icon\">\n\t\t\t\t<i class=\"fi-check\" aria-hidden=\"true\"><\/i>\n\t\t\t\t\t<\/span>\n\t\t\t<div id=\"fl-icon-text-6ryvj4tcb21n\" class=\"fl-icon-text fl-icon-text-wrap\">\n\t\t\t\t\t\t<h4><span style=\"color: #052e05;\">Urolog\u00eda.\u00a0<\/span><\/h4>\t\t\t\t\t<\/div>\n\t<\/div>\n\t<\/div>\n<\/div>\n<div class=\"fl-module fl-module-icon fl-node-0fnil9zx2451\" data-node=\"0fnil9zx2451\">\n\t<div class=\"fl-module-content fl-node-content\">\n\t\t<div class=\"fl-icon-wrap\">\n\t<span class=\"fl-icon\">\n\t\t\t\t<i class=\"fi-check\" aria-hidden=\"true\"><\/i>\n\t\t\t\t\t<\/span>\n\t\t\t<div id=\"fl-icon-text-0fnil9zx2451\" class=\"fl-icon-text fl-icon-text-wrap\">\n\t\t\t\t\t\t<h4><span style=\"color: #052e05;\">Nutrici\u00f3n.\u00a0<\/span><\/h4>\t\t\t\t\t<\/div>\n\t<\/div>\n\t<\/div>\n<\/div>\n<div class=\"fl-module fl-module-icon fl-node-j0g2xato1yrv\" data-node=\"j0g2xato1yrv\">\n\t<div class=\"fl-module-content fl-node-content\">\n\t\t<div class=\"fl-icon-wrap\">\n\t<span class=\"fl-icon\">\n\t\t\t\t<i class=\"fi-check\" aria-hidden=\"true\"><\/i>\n\t\t\t\t\t<\/span>\n\t\t\t<div id=\"fl-icon-text-j0g2xato1yrv\" class=\"fl-icon-text fl-icon-text-wrap\">\n\t\t\t\t\t\t<h4><span style=\"color: #052e05;\">Otorrinolaringolog\u00eda.<\/span><\/h4>\t\t\t\t\t<\/div>\n\t<\/div>\n\t<\/div>\n<\/div>\n<div class=\"fl-module fl-module-icon fl-node-82mzvstpby75\" data-node=\"82mzvstpby75\">\n\t<div class=\"fl-module-content fl-node-content\">\n\t\t<div class=\"fl-icon-wrap\">\n\t<span class=\"fl-icon\">\n\t\t\t\t<i class=\"fi-check\" aria-hidden=\"true\"><\/i>\n\t\t\t\t\t<\/span>\n\t\t\t<div id=\"fl-icon-text-82mzvstpby75\" class=\"fl-icon-text fl-icon-text-wrap\">\n\t\t\t\t\t\t<h4><span style=\"color: #052e05;\">Psicolog\u00eda.<\/span><\/h4>\t\t\t\t\t<\/div>\n\t<\/div>\n\t<\/div>\n<\/div>\n\t<\/div>\n<\/div>\n\t<\/div>\n\t\t<\/div>\n\t<\/div>\n<\/div>\n<\/div>","protected":false},"excerpt":{"rendered":"<p>Consulta Medicos certificados, atenci\u00f3n c\u00e1lida y gran calidad profesional ! Especialidades Medicina General.\u00a0 Medicina Interna. Ortopedia\u00a0 Neurolog\u00eda. Gastroenterolog\u00eda.\u00a0 Nefrolog\u00eda. Angiolog\u00eda. Dermatolog\u00eda.\u00a0 Pediatr\u00eda Ginecolog\u00eda.\u00a0 Cardiolog\u00eda.\u00a0 Cirug\u00eda.\u00a0 Urolog\u00eda.\u00a0 Nutrici\u00f3n.\u00a0 Otorrinolaringolog\u00eda. Psicolog\u00eda.<\/p>\n","protected":false},"author":1,"featured_media":0,"parent":0,"menu_order":0,"comment_status":"closed","ping_status":"closed","template":"","meta":{"om_disable_all_campaigns":false,"_monsterinsights_skip_tracking":false,"_monsterinsights_sitenote_active":false,"_monsterinsights_sitenote_note":"","_monsterinsights_sitenote_category":0,"site-sidebar-layout":"default","site-content-layout":"default","ast-main-header-display":"","ast-hfb-above-header-display":"","ast-hfb-below-header-display":"","ast-hfb-mobile-header-display":"","site-post-title":"","ast-breadcrumbs-content":"","ast-featured-img":"","footer-sml-layout":"","theme-transparent-header-meta":"","adv-header-id-meta":"","stick-header-meta":"","header-above-stick-meta":"","header-main-stick-meta":"","header-below-stick-meta":"","footnotes":""},"class_list":["post-608","page","type-page","status-publish","hentry"],"_links":{"self":[{"href":"https:\/\/medicatequila.com\/index.php?rest_route=\/wp\/v2\/pages\/608","targetHints":{"allow":["GET"]}}],"collection":[{"href":"https:\/\/medicatequila.com\/index.php?rest_route=\/wp\/v2\/pages"}],"about":[{"href":"https:\/\/medicatequila.com\/index.php?rest_route=\/wp\/v2\/types\/page"}],"author":[{"embeddable":true,"href":"https:\/\/medicatequila.com\/index.php?rest_route=\/wp\/v2\/users\/1"}],"replies":[{"embeddable":true,"href":"https:\/\/medicatequila.com\/index.php?rest_route=%2Fwp%2Fv2%2Fcomments&post=608"}],"version-history":[{"count":4,"href":"https:\/\/medicatequila.com\/index.php?rest_route=\/wp\/v2\/pages\/608\/revisions"}],"predecessor-version":[{"id":703,"href":"https:\/\/medicatequila.com\/index.php?rest_route=\/wp\/v2\/pages\/608\/revisions\/703"}],"wp:attachment":[{"href":"https:\/\/medicatequila.com\/index.php?rest_route=%2Fwp%2Fv2%2Fmedia&parent=608"}],"curies":[{"name":"wp","href":"https:\/\/api.w.org\/{rel}","templated":true}]}}