{"id":626,"date":"2022-01-27T06:10:41","date_gmt":"2022-01-27T06:10:41","guid":{"rendered":"http:\/\/medicatequila.com\/?page_id=626"},"modified":"2023-01-01T04:32:52","modified_gmt":"2023-01-01T04:32:52","slug":"626-2","status":"publish","type":"page","link":"https:\/\/medicatequila.com\/?page_id=626","title":{"rendered":"Urgencias"},"content":{"rendered":"<div class=\"fl-builder-content fl-builder-content-626\" data-post-id=\"626\"><div class=\"fl-row fl-row-full-width fl-row-bg-photo fl-node-zsp128brf7e3 fl-row-bg-overlay\" data-node=\"zsp128brf7e3\">\n\t<div class=\"fl-row-content-wrap\">\n\t\t\t\t\t\t<div class=\"fl-row-content fl-row-full-width fl-node-content\">\n\t\t\n<div class=\"fl-col-group fl-node-qbczds34k9ph fl-col-group-equal-height fl-col-group-align-center fl-col-group-custom-width\" data-node=\"qbczds34k9ph\">\n\t\t\t<div class=\"fl-col fl-node-3v1mgub5okrp fl-col-small\" data-node=\"3v1mgub5okrp\">\n\t<div class=\"fl-col-content fl-node-content\">\n\t<div class=\"fl-module fl-module-heading fl-node-enpoz1ktx2yv\" data-node=\"enpoz1ktx2yv\">\n\t<div class=\"fl-module-content fl-node-content\">\n\t\t<h1 class=\"fl-heading\">\n\t\t<span class=\"fl-heading-text\">Urgencias.\u00a0<\/span>\n\t<\/h1>\n\t<\/div>\n<\/div>\n<div class=\"fl-module fl-module-heading fl-node-u7gksiav6o5e\" data-node=\"u7gksiav6o5e\">\n\t<div class=\"fl-module-content fl-node-content\">\n\t\t<h1 class=\"fl-heading\">\n\t\t<span class=\"fl-heading-text\"><\/span>\n\t<\/h1>\n\t<\/div>\n<\/div>\n\t<\/div>\n<\/div>\n\t\t\t<div class=\"fl-col fl-node-cui0rngk3tjm fl-col-small\" data-node=\"cui0rngk3tjm\">\n\t<div class=\"fl-col-content fl-node-content\">\n\t\t<\/div>\n<\/div>\n\t<\/div>\n\t\t<\/div>\n\t<\/div>\n<\/div>\n<div class=\"fl-row fl-row-full-width fl-row-bg-none fl-node-0m2c3qrxfyb7\" data-node=\"0m2c3qrxfyb7\">\n\t<div class=\"fl-row-content-wrap\">\n\t\t\t\t\t\t<div class=\"fl-row-content fl-row-fixed-width fl-node-content\">\n\t\t\n<div class=\"fl-col-group fl-node-x1h7wj2pz0nr\" data-node=\"x1h7wj2pz0nr\">\n\t\t\t<div class=\"fl-col fl-node-sp4zvchu6xn9\" data-node=\"sp4zvchu6xn9\">\n\t<div class=\"fl-col-content fl-node-content\">\n\t<div class=\"fl-module fl-module-heading fl-node-uzpqxmcw5hov\" data-node=\"uzpqxmcw5hov\">\n\t<div class=\"fl-module-content fl-node-content\">\n\t\t<h2 class=\"fl-heading\">\n\t\t<span class=\"fl-heading-text\">Urgencias. <\/span>\n\t<\/h2>\n\t<\/div>\n<\/div>\n<div class=\"fl-module fl-module-rich-text fl-node-nib5ws29q10a\" data-node=\"nib5ws29q10a\">\n\t<div class=\"fl-module-content fl-node-content\">\n\t\t<div class=\"fl-rich-text\">\n\t<p style=\"text-align: center;\"><span style=\"font-size: 20px;\"><b style=\"font-size: 20px;\">Nos encargamos de estabilizar y abordar <\/b><span style=\"font-size: 20px;\"><b>m\u00faltiples<\/b><\/span><b style=\"font-size: 20px;\"> padecimientos como:<\/b><\/span><\/p>\n<\/div>\n\t<\/div>\n<\/div>\n\t<\/div>\n<\/div>\n\t<\/div>\n\n<div class=\"fl-col-group fl-node-cht2rk7qi06u fl-col-group-custom-width\" data-node=\"cht2rk7qi06u\">\n\t\t\t<div class=\"fl-col fl-node-zbix8o5wdc1a fl-col-small\" data-node=\"zbix8o5wdc1a\">\n\t<div class=\"fl-col-content fl-node-content\">\n\t<div class=\"fl-module fl-module-photo fl-node-nrwk2mtz1bao\" data-node=\"nrwk2mtz1bao\">\n\t<div class=\"fl-module-content fl-node-content\">\n\t\t<div class=\"fl-photo fl-photo-crop-square fl-photo-align-center\" itemscope itemtype=\"https:\/\/schema.org\/ImageObject\">\n\t<div class=\"fl-photo-content fl-photo-img-jpg\">\n\t\t\t\t<img decoding=\"async\" class=\"fl-photo-img wp-image-634\" src=\"https:\/\/medicatequila.com\/wp-content\/uploads\/bb-plugin\/cache\/dolor-abdominal-adultos-debes-saber-square.jpg\" alt=\"dolor-abdominal-adultos-debes-saber\" itemprop=\"image\" title=\"dolor-abdominal-adultos-debes-saber\"  \/>\n\t\t\t\t\t<\/div>\n\t<\/div>\n\t<\/div>\n<\/div>\n<div class=\"fl-module fl-module-rich-text fl-node-lq94r1ez78oh\" data-node=\"lq94r1ez78oh\">\n\t<div class=\"fl-module-content fl-node-content\">\n\t\t<div class=\"fl-rich-text\">\n\t<p style=\"text-align: center;\"><strong><span style=\"color: #000080; font-size: 24px;\">Dolor abdominal<\/span><\/strong><\/p>\n<\/div>\n\t<\/div>\n<\/div>\n<div class=\"fl-module fl-module-photo fl-node-ybtoghjwkiuv\" data-node=\"ybtoghjwkiuv\">\n\t<div class=\"fl-module-content fl-node-content\">\n\t\t<div class=\"fl-photo fl-photo-crop-square fl-photo-align-center\" itemscope itemtype=\"https:\/\/schema.org\/ImageObject\">\n\t<div class=\"fl-photo-content fl-photo-img-jpg\">\n\t\t\t\t<img decoding=\"async\" class=\"fl-photo-img wp-image-636\" src=\"https:\/\/medicatequila.com\/wp-content\/uploads\/bb-plugin\/cache\/dolor-pecho-square.jpg\" alt=\"dolor pecho\" itemprop=\"image\" title=\"dolor pecho\"  \/>\n\t\t\t\t\t<\/div>\n\t<\/div>\n\t<\/div>\n<\/div>\n<div class=\"fl-module fl-module-rich-text fl-node-xma3t26wfren\" data-node=\"xma3t26wfren\">\n\t<div class=\"fl-module-content fl-node-content\">\n\t\t<div class=\"fl-rich-text\">\n\t<p style=\"text-align: center;\"><strong><span style=\"color: #000080; font-size: 24px;\">Dolor Pecho<\/span><\/strong><\/p>\n<\/div>\n\t<\/div>\n<\/div>\n\t<\/div>\n<\/div>\n\t\t\t<div class=\"fl-col fl-node-i5lx86k7jsro fl-col-small\" data-node=\"i5lx86k7jsro\">\n\t<div class=\"fl-col-content fl-node-content\">\n\t<div class=\"fl-module fl-module-photo fl-node-w27esjv4b01l\" data-node=\"w27esjv4b01l\">\n\t<div class=\"fl-module-content fl-node-content\">\n\t\t<div class=\"fl-photo fl-photo-crop-square fl-photo-align-center\" itemscope itemtype=\"https:\/\/schema.org\/ImageObject\">\n\t<div class=\"fl-photo-content fl-photo-img-jpg\">\n\t\t\t\t<img decoding=\"async\" class=\"fl-photo-img wp-image-633\" src=\"https:\/\/medicatequila.com\/wp-content\/uploads\/bb-plugin\/cache\/fiebre-square.jpg\" alt=\"fiebre\" itemprop=\"image\" title=\"fiebre\"  \/>\n\t\t\t\t\t<\/div>\n\t<\/div>\n\t<\/div>\n<\/div>\n<div class=\"fl-module fl-module-rich-text fl-node-p2uisln36ywa\" data-node=\"p2uisln36ywa\">\n\t<div class=\"fl-module-content fl-node-content\">\n\t\t<div class=\"fl-rich-text\">\n\t<p style=\"text-align: center;\"><strong><span style=\"color: #000080; font-size: 24px;\">Fiebre<\/span><\/strong><\/p>\n<\/div>\n\t<\/div>\n<\/div>\n<div class=\"fl-module fl-module-photo fl-node-t28s5mvcp7ro\" data-node=\"t28s5mvcp7ro\">\n\t<div class=\"fl-module-content fl-node-content\">\n\t\t<div class=\"fl-photo fl-photo-crop-square fl-photo-align-center\" itemscope itemtype=\"https:\/\/schema.org\/ImageObject\">\n\t<div class=\"fl-photo-content fl-photo-img-jpg\">\n\t\t\t\t<img decoding=\"async\" class=\"fl-photo-img wp-image-637\" src=\"https:\/\/medicatequila.com\/wp-content\/uploads\/bb-plugin\/cache\/ictus-square.jpg\" alt=\"ictus\" itemprop=\"image\" title=\"ictus\"  \/>\n\t\t\t\t\t<\/div>\n\t<\/div>\n\t<\/div>\n<\/div>\n<div class=\"fl-module fl-module-rich-text fl-node-fetgwmanh9sx\" data-node=\"fetgwmanh9sx\">\n\t<div class=\"fl-module-content fl-node-content\">\n\t\t<div class=\"fl-rich-text\">\n\t<p style=\"text-align: center;\"><strong><span style=\"color: #000080; font-size: 24px;\">Evento cerebral<\/span><\/strong><\/p>\n<\/div>\n\t<\/div>\n<\/div>\n\t<\/div>\n<\/div>\n\t\t\t<div class=\"fl-col fl-node-m03oaxjq7ibc fl-col-small\" data-node=\"m03oaxjq7ibc\">\n\t<div class=\"fl-col-content fl-node-content\">\n\t<div class=\"fl-module fl-module-photo fl-node-xdqeokm7wnsc\" data-node=\"xdqeokm7wnsc\">\n\t<div class=\"fl-module-content fl-node-content\">\n\t\t<div class=\"fl-photo fl-photo-crop-square fl-photo-align-center\" itemscope itemtype=\"https:\/\/schema.org\/ImageObject\">\n\t<div class=\"fl-photo-content fl-photo-img-jpg\">\n\t\t\t\t<img decoding=\"async\" class=\"fl-photo-img wp-image-635\" src=\"https:\/\/medicatequila.com\/wp-content\/uploads\/bb-plugin\/cache\/herida-abierta-mano-aislada_1639-7875-1-square.jpg\" alt=\"herida-abierta-mano-aislada_1639-7875\" itemprop=\"image\" title=\"herida-abierta-mano-aislada_1639-7875\"  \/>\n\t\t\t\t\t<\/div>\n\t<\/div>\n\t<\/div>\n<\/div>\n<div class=\"fl-module fl-module-rich-text fl-node-p0k5u4fomy2x\" data-node=\"p0k5u4fomy2x\">\n\t<div class=\"fl-module-content fl-node-content\">\n\t\t<div class=\"fl-rich-text\">\n\t<p style=\"text-align: center;\"><strong><span style=\"color: #000080; font-size: 24px;\">Heridas<\/span><\/strong><\/p>\n<\/div>\n\t<\/div>\n<\/div>\n<div class=\"fl-module fl-module-photo fl-node-i1b3rqd8ztwp\" data-node=\"i1b3rqd8ztwp\">\n\t<div class=\"fl-module-content fl-node-content\">\n\t\t<div class=\"fl-photo fl-photo-crop-square fl-photo-align-center\" itemscope itemtype=\"https:\/\/schema.org\/ImageObject\">\n\t<div class=\"fl-photo-content fl-photo-img-jpg\">\n\t\t\t\t<img decoding=\"async\" class=\"fl-photo-img wp-image-638\" src=\"https:\/\/medicatequila.com\/wp-content\/uploads\/bb-plugin\/cache\/sangradogastr-square.jpg\" alt=\"sangradogastr\" itemprop=\"image\" title=\"sangradogastr\"  \/>\n\t\t\t\t\t<\/div>\n\t<\/div>\n\t<\/div>\n<\/div>\n<div class=\"fl-module fl-module-rich-text fl-node-keg7i2z9twpf\" data-node=\"keg7i2z9twpf\">\n\t<div class=\"fl-module-content fl-node-content\">\n\t\t<div class=\"fl-rich-text\">\n\t<p style=\"text-align: center;\"><strong><span style=\"color: #000080; font-size: 24px;\">Sangrado Digestivo<\/span><\/strong><\/p>\n<\/div>\n\t<\/div>\n<\/div>\n\t<\/div>\n<\/div>\n\t<\/div>\n\n<div class=\"fl-col-group fl-node-vwp83x67dyfh\" data-node=\"vwp83x67dyfh\">\n\t\t\t<div class=\"fl-col fl-node-yvsum4o0xz2g\" data-node=\"yvsum4o0xz2g\">\n\t<div class=\"fl-col-content fl-node-content\">\n\t<div class=\"fl-module fl-module-rich-text fl-node-3zyeo6u7g9h5\" data-node=\"3zyeo6u7g9h5\">\n\t<div class=\"fl-module-content fl-node-content\">\n\t\t<div class=\"fl-rich-text\">\n\t<p style=\"text-align: center;\"><span style=\"font-size: 24px; color: #800000;\"><b style=\"color: #800000;\">Contamos con oxigeno, medicamentos intravenosos, <\/b><b style=\"color: #800000;\">monitorizaci\u00f3n<\/b><b style=\"color: #800000;\"> continua, estudios de urgencia y nuestros <\/b><span style=\"color: #800000;\"><b>m\u00e9dicos<\/b><\/span><b style=\"color: #800000;\"> de primer contacto tienen apoyo directo de especialistas para la mejor <\/b><b style=\"color: #800000;\">atenci\u00f3n<\/b><b style=\"color: #800000;\"> de su problema!<\/b><\/span><\/p>\n<\/div>\n\t<\/div>\n<\/div>\n\t<\/div>\n<\/div>\n\t<\/div>\n\t\t<\/div>\n\t<\/div>\n<\/div>\n<\/div>","protected":false},"excerpt":{"rendered":"<p>Urgencias.\u00a0 Urgencias. Nos encargamos de estabilizar y abordar m\u00faltiples padecimientos como: Dolor abdominal Dolor Pecho Fiebre Evento cerebral Heridas Sangrado Digestivo Contamos con oxigeno, medicamentos intravenosos, monitorizaci\u00f3n continua, estudios de urgencia y nuestros m\u00e9dicos de primer contacto tienen apoyo directo de especialistas para la mejor atenci\u00f3n de su problema!<\/p>\n","protected":false},"author":1,"featured_media":0,"parent":0,"menu_order":0,"comment_status":"closed","ping_status":"closed","template":"","meta":{"om_disable_all_campaigns":false,"_monsterinsights_skip_tracking":false,"_monsterinsights_sitenote_active":false,"_monsterinsights_sitenote_note":"","_monsterinsights_sitenote_category":0,"site-sidebar-layout":"default","site-content-layout":"default","ast-main-header-display":"","ast-hfb-above-header-display":"","ast-hfb-below-header-display":"","ast-hfb-mobile-header-display":"","site-post-title":"","ast-breadcrumbs-content":"","ast-featured-img":"","footer-sml-layout":"","theme-transparent-header-meta":"","adv-header-id-meta":"","stick-header-meta":"","header-above-stick-meta":"","header-main-stick-meta":"","header-below-stick-meta":"","footnotes":""},"class_list":["post-626","page","type-page","status-publish","hentry"],"_links":{"self":[{"href":"https:\/\/medicatequila.com\/index.php?rest_route=\/wp\/v2\/pages\/626","targetHints":{"allow":["GET"]}}],"collection":[{"href":"https:\/\/medicatequila.com\/index.php?rest_route=\/wp\/v2\/pages"}],"about":[{"href":"https:\/\/medicatequila.com\/index.php?rest_route=\/wp\/v2\/types\/page"}],"author":[{"embeddable":true,"href":"https:\/\/medicatequila.com\/index.php?rest_route=\/wp\/v2\/users\/1"}],"replies":[{"embeddable":true,"href":"https:\/\/medicatequila.com\/index.php?rest_route=%2Fwp%2Fv2%2Fcomments&post=626"}],"version-history":[{"count":10,"href":"https:\/\/medicatequila.com\/index.php?rest_route=\/wp\/v2\/pages\/626\/revisions"}],"predecessor-version":[{"id":658,"href":"https:\/\/medicatequila.com\/index.php?rest_route=\/wp\/v2\/pages\/626\/revisions\/658"}],"wp:attachment":[{"href":"https:\/\/medicatequila.com\/index.php?rest_route=%2Fwp%2Fv2%2Fmedia&parent=626"}],"curies":[{"name":"wp","href":"https:\/\/api.w.org\/{rel}","templated":true}]}}